{"id":298,"date":"2020-10-11T19:00:42","date_gmt":"2020-10-11T16:00:42","guid":{"rendered":"https:\/\/faneeri.digiworks.fi\/heinola\/"},"modified":"2020-10-11T23:16:56","modified_gmt":"2020-10-11T20:16:56","slug":"heinola","status":"publish","type":"page","link":"https:\/\/www.faneerinkiinteistot.fi\/en\/heinola\/","title":{"rendered":"Heinola"},"content":{"rendered":"<p>[et_pb_section fb_built=&#8221;1&#8243; custom_padding_last_edited=&#8221;on|phone&#8221; _builder_version=&#8221;4.5.6&#8243; _module_preset=&#8221;default&#8221; custom_margin_phone=&#8221;0px||||false|false&#8221; custom_margin_last_edited=&#8221;off|phone&#8221; custom_padding_tablet=&#8221;&#8221; custom_padding_phone=&#8221;0px||||false|false&#8221;][et_pb_row _builder_version=&#8221;4.5.6&#8243; _module_preset=&#8221;default&#8221; width_tablet=&#8221;&#8221; width_phone=&#8221;100%&#8221; width_last_edited=&#8221;on|phone&#8221; custom_padding=&#8221;0px|||||&#8221;][et_pb_column type=&#8221;4_4&#8243; _builder_version=&#8221;4.5.6&#8243; _module_preset=&#8221;default&#8221;][et_pb_image src=&#8221;https:\/\/faneerinkiinteistot.fi\/wp-content\/uploads\/2020\/08\/finnish-3963218_1920.jpg&#8221; title_text=&#8221;finnish-3963218_1920&#8243; align=&#8221;center&#8221; _builder_version=&#8221;4.5.6&#8243; _module_preset=&#8221;default&#8221;][\/et_pb_image][\/et_pb_column][\/et_pb_row][et_pb_row _builder_version=&#8221;4.5.6&#8243; _module_preset=&#8221;default&#8221; custom_padding=&#8221;0px|||||&#8221; hover_enabled=&#8221;0&#8243; width_phone=&#8221;90%&#8221; width_last_edited=&#8221;on|phone&#8221;][et_pb_column type=&#8221;4_4&#8243; _builder_version=&#8221;4.5.6&#8243; _module_preset=&#8221;default&#8221;][et_pb_text _builder_version=&#8221;4.5.6&#8243; _module_preset=&#8221;default&#8221; header_line_height=&#8221;1.4em&#8221;]<\/p>\n<h1>Heinola<\/h1>\n<p>It is easy to come to vibrant and cozy Heinola all over Finland. From Ring III to the center of Heinola, it&#8217;s only an hour&#8217;s drive away. In addition, according to studies, approximately 50% of Finnish business life is located within a 150 km radius of Heinola.<\/p>\n<p>In Heinola you are close to the domestic market, and the international connections are excellent.<\/p>\n<p>Heinola has good transport connections:<\/p>\n<ul>\n<li>Helsinki 138 km, Lahti 35 km, Mikkeli 96 km, Kouvola 75 km, Jyv\u00e4skyl\u00e4 135 km<\/li>\n<li>Railway to Lahti for freight transport<\/li>\n<li>Water connection to P\u00e4ij\u00e4nne, Lahti, Jyv\u00e4skyl\u00e4 and Kymijoki<\/li>\n<\/ul>\n<p>Heinola is a lively corporate city with approximately 1,000 companies of different sizes, from industrial control system manufacturers to roofing dampers. Versatile bio- and metals expertise and business activities based on recycling technology are of particular importance.<\/p>\n<p>Read more: <a href=\"https:\/\/www.heinola.fi\/\">www.heinola.fi<\/a><\/p>\n<p>[\/et_pb_text][\/et_pb_column][\/et_pb_row][\/et_pb_section]<\/p>\n","protected":false},"excerpt":{"rendered":"<p>Heinola It is easy to come to vibrant and cozy Heinola all over Finland. From Ring III to the center of Heinola, it&#8217;s only an hour&#8217;s drive away. In addition, according to studies, approximately 50% of Finnish business life is located within a 150 km radius of Heinola. In Heinola you are close to the [&hellip;]<\/p>\n","protected":false},"author":1,"featured_media":0,"parent":0,"menu_order":0,"comment_status":"closed","ping_status":"closed","template":"","meta":{"_et_pb_use_builder":"on","_et_pb_old_content":"","_et_gb_content_width":"","footnotes":""},"class_list":["post-298","page","type-page","status-publish","hentry"],"yoast_head":"<!-- This site is optimized with the Yoast SEO plugin v26.4 - https:\/\/yoast.com\/wordpress\/plugins\/seo\/ -->\n<title>Heinola - Faneerin kiinteist\u00f6t<\/title>\n<meta name=\"robots\" content=\"index, follow, max-snippet:-1, max-image-preview:large, max-video-preview:-1\" \/>\n<link rel=\"canonical\" href=\"https:\/\/www.faneerinkiinteistot.fi\/heinola\/\" \/>\n<meta property=\"og:locale\" content=\"en_US\" \/>\n<meta property=\"og:type\" content=\"article\" \/>\n<meta property=\"og:title\" content=\"Heinola - Faneerin kiinteist\u00f6t\" \/>\n<meta property=\"og:description\" content=\"Heinola It is easy to come to vibrant and cozy Heinola all over Finland. From Ring III to the center of Heinola, it&#039;s only an hour&#039;s drive away. In addition, according to studies, approximately 50% of Finnish business life is located within a 150 km radius of Heinola. In Heinola you are close to the [&hellip;]\" \/>\n<meta property=\"og:url\" content=\"https:\/\/www.faneerinkiinteistot.fi\/heinola\/\" \/>\n<meta property=\"og:site_name\" content=\"Faneerin kiinteist\u00f6t\" \/>\n<meta property=\"article:modified_time\" content=\"2020-10-11T20:16:56+00:00\" \/>\n<meta name=\"twitter:card\" content=\"summary_large_image\" \/>\n<meta name=\"twitter:label1\" content=\"Est. reading time\" \/>\n\t<meta name=\"twitter:data1\" content=\"1 minute\" \/>\n<script type=\"application\/ld+json\" class=\"yoast-schema-graph\">{\"@context\":\"https:\/\/schema.org\",\"@graph\":[{\"@type\":\"WebPage\",\"@id\":\"https:\/\/www.faneerinkiinteistot.fi\/heinola\/\",\"url\":\"https:\/\/www.faneerinkiinteistot.fi\/heinola\/\",\"name\":\"Heinola - Faneerin kiinteist\u00f6t\",\"isPartOf\":{\"@id\":\"https:\/\/www.faneerinkiinteistot.fi\/#website\"},\"datePublished\":\"2020-10-11T16:00:42+00:00\",\"dateModified\":\"2020-10-11T20:16:56+00:00\",\"breadcrumb\":{\"@id\":\"https:\/\/www.faneerinkiinteistot.fi\/heinola\/#breadcrumb\"},\"inLanguage\":\"en-US\",\"potentialAction\":[{\"@type\":\"ReadAction\",\"target\":[\"https:\/\/www.faneerinkiinteistot.fi\/heinola\/\"]}]},{\"@type\":\"BreadcrumbList\",\"@id\":\"https:\/\/www.faneerinkiinteistot.fi\/heinola\/#breadcrumb\",\"itemListElement\":[{\"@type\":\"ListItem\",\"position\":1,\"name\":\"Etusivu\",\"item\":\"https:\/\/www.faneerinkiinteistot.fi\/en\/\"},{\"@type\":\"ListItem\",\"position\":2,\"name\":\"Heinola\"}]},{\"@type\":\"WebSite\",\"@id\":\"https:\/\/www.faneerinkiinteistot.fi\/#website\",\"url\":\"https:\/\/www.faneerinkiinteistot.fi\/\",\"name\":\"Faneerin kiinteist\u00f6t\",\"description\":\"Tilaa toiminnalle!\",\"potentialAction\":[{\"@type\":\"SearchAction\",\"target\":{\"@type\":\"EntryPoint\",\"urlTemplate\":\"https:\/\/www.faneerinkiinteistot.fi\/?s={search_term_string}\"},\"query-input\":{\"@type\":\"PropertyValueSpecification\",\"valueRequired\":true,\"valueName\":\"search_term_string\"}}],\"inLanguage\":\"en-US\"}]}<\/script>\n<!-- \/ Yoast SEO plugin. -->","yoast_head_json":{"title":"Heinola - Faneerin kiinteist\u00f6t","robots":{"index":"index","follow":"follow","max-snippet":"max-snippet:-1","max-image-preview":"max-image-preview:large","max-video-preview":"max-video-preview:-1"},"canonical":"https:\/\/www.faneerinkiinteistot.fi\/heinola\/","og_locale":"en_US","og_type":"article","og_title":"Heinola - Faneerin kiinteist\u00f6t","og_description":"Heinola It is easy to come to vibrant and cozy Heinola all over Finland. From Ring III to the center of Heinola, it's only an hour's drive away. In addition, according to studies, approximately 50% of Finnish business life is located within a 150 km radius of Heinola. In Heinola you are close to the [&hellip;]","og_url":"https:\/\/www.faneerinkiinteistot.fi\/heinola\/","og_site_name":"Faneerin kiinteist\u00f6t","article_modified_time":"2020-10-11T20:16:56+00:00","twitter_card":"summary_large_image","twitter_misc":{"Est. reading time":"1 minute"},"schema":{"@context":"https:\/\/schema.org","@graph":[{"@type":"WebPage","@id":"https:\/\/www.faneerinkiinteistot.fi\/heinola\/","url":"https:\/\/www.faneerinkiinteistot.fi\/heinola\/","name":"Heinola - Faneerin kiinteist\u00f6t","isPartOf":{"@id":"https:\/\/www.faneerinkiinteistot.fi\/#website"},"datePublished":"2020-10-11T16:00:42+00:00","dateModified":"2020-10-11T20:16:56+00:00","breadcrumb":{"@id":"https:\/\/www.faneerinkiinteistot.fi\/heinola\/#breadcrumb"},"inLanguage":"en-US","potentialAction":[{"@type":"ReadAction","target":["https:\/\/www.faneerinkiinteistot.fi\/heinola\/"]}]},{"@type":"BreadcrumbList","@id":"https:\/\/www.faneerinkiinteistot.fi\/heinola\/#breadcrumb","itemListElement":[{"@type":"ListItem","position":1,"name":"Etusivu","item":"https:\/\/www.faneerinkiinteistot.fi\/en\/"},{"@type":"ListItem","position":2,"name":"Heinola"}]},{"@type":"WebSite","@id":"https:\/\/www.faneerinkiinteistot.fi\/#website","url":"https:\/\/www.faneerinkiinteistot.fi\/","name":"Faneerin kiinteist\u00f6t","description":"Tilaa toiminnalle!","potentialAction":[{"@type":"SearchAction","target":{"@type":"EntryPoint","urlTemplate":"https:\/\/www.faneerinkiinteistot.fi\/?s={search_term_string}"},"query-input":{"@type":"PropertyValueSpecification","valueRequired":true,"valueName":"search_term_string"}}],"inLanguage":"en-US"}]}},"_links":{"self":[{"href":"https:\/\/www.faneerinkiinteistot.fi\/en\/wp-json\/wp\/v2\/pages\/298","targetHints":{"allow":["GET"]}}],"collection":[{"href":"https:\/\/www.faneerinkiinteistot.fi\/en\/wp-json\/wp\/v2\/pages"}],"about":[{"href":"https:\/\/www.faneerinkiinteistot.fi\/en\/wp-json\/wp\/v2\/types\/page"}],"author":[{"embeddable":true,"href":"https:\/\/www.faneerinkiinteistot.fi\/en\/wp-json\/wp\/v2\/users\/1"}],"replies":[{"embeddable":true,"href":"https:\/\/www.faneerinkiinteistot.fi\/en\/wp-json\/wp\/v2\/comments?post=298"}],"version-history":[{"count":7,"href":"https:\/\/www.faneerinkiinteistot.fi\/en\/wp-json\/wp\/v2\/pages\/298\/revisions"}],"predecessor-version":[{"id":436,"href":"https:\/\/www.faneerinkiinteistot.fi\/en\/wp-json\/wp\/v2\/pages\/298\/revisions\/436"}],"wp:attachment":[{"href":"https:\/\/www.faneerinkiinteistot.fi\/en\/wp-json\/wp\/v2\/media?parent=298"}],"curies":[{"name":"wp","href":"https:\/\/api.w.org\/{rel}","templated":true}]}}