{"id":241,"date":"2020-10-11T18:45:30","date_gmt":"2020-10-11T15:45:30","guid":{"rendered":"https:\/\/faneeri.digiworks.fi\/seasonal-storage\/"},"modified":"2025-11-18T17:06:40","modified_gmt":"2025-11-18T15:06:40","slug":"seasonal-storage","status":"publish","type":"page","link":"https:\/\/www.faneerinkiinteistot.fi\/en\/seasonal-storage\/","title":{"rendered":"Seasonal storage"},"content":{"rendered":"<p>[et_pb_section fb_built=&#8221;1&#8243; custom_padding_last_edited=&#8221;on|phone&#8221; _builder_version=&#8221;4.16&#8243; _module_preset=&#8221;default&#8221; custom_padding_tablet=&#8221;&#8221; custom_padding_phone=&#8221;15px||||false|false&#8221; global_colors_info=&#8221;{}&#8221;][et_pb_row column_structure=&#8221;1_2,1_2&#8243; _builder_version=&#8221;4.16&#8243; _module_preset=&#8221;default&#8221; width_tablet=&#8221;&#8221; width_phone=&#8221;90%&#8221; width_last_edited=&#8221;on|phone&#8221; global_colors_info=&#8221;{}&#8221;][et_pb_column type=&#8221;1_2&#8243; _builder_version=&#8221;4.16&#8243; _module_preset=&#8221;default&#8221; global_colors_info=&#8221;{}&#8221;][et_pb_text _builder_version=&#8221;4.27.4&#8243; _module_preset=&#8221;default&#8221; header_line_height=&#8221;1.2em&#8221; header_6_font=&#8221;||||||||&#8221; custom_margin_tablet=&#8221;&#8221; custom_margin_phone=&#8221;||8px||false|false&#8221; custom_margin_last_edited=&#8221;on|phone&#8221; global_colors_info=&#8221;{}&#8221;]<\/p>\n<h1>Seasonal Storage in a Heated Hall \u2013 Safe and Effortless<\/h1>\n<p>[\/et_pb_text][et_pb_text disabled_on=&#8221;on|on|on&#8221; _builder_version=&#8221;4.27.4&#8243; _module_preset=&#8221;default&#8221; disabled=&#8221;on&#8221; global_colors_info=&#8221;{}&#8221;]<\/p>\n<p>Seasonal storage in a warm hall for caravans, bikers, boats and other vehicles! Places will be filled in order of arrival.<\/p>\n<p>[\/et_pb_text][et_pb_text _builder_version=&#8221;4.27.4&#8243; _module_preset=&#8221;default&#8221; global_colors_info=&#8221;{}&#8221;]<\/p>\n<p>We offer a heated hall for seasonal storage for caravanners, motorcyclists, boats, and other vehicles. Our hall is monitored, clean, and specifically designed for safe winter storage. <\/p>\n<ul>\n<li>Warm and dry monitored indoor space \u2013 prevents moisture, rust, and frost damage<\/li>\n<li>Suitable for motorhomes, motorcycles, boats, trailers, project vehicles, etc.<\/li>\n<li>Easy drive-in and drive-out<\/li>\n<li>Monitored and secure hall<\/li>\n<li>No binding additional services \u2013 bring and pick up when it suits you<\/li>\n<li>Spaces are filled in order of arrival.<\/li>\n<\/ul>\n<p>Reserve your spot in advance and ensure your vehicle winters in the best possible conditions!<\/p>\n<p>[\/et_pb_text][et_pb_text _builder_version=&#8221;4.21.0&#8243; _module_preset=&#8221;default&#8221; global_colors_info=&#8221;{}&#8221;]<\/p>\n<p>See also suitable premises (&#8220;workshops&#8221;) on our <a href=\"https:\/\/www.heinolanvarastohotelli.fi\/vuokraa\/pienvarasto\/\" target=\"_blank\" rel=\"noopener\">heinolanvarastohotelli.fi<\/a> pages.<\/p>\n<p>[\/et_pb_text][et_pb_text _builder_version=&#8221;4.21.0&#8243; _module_preset=&#8221;default&#8221; global_colors_info=&#8221;{}&#8221;]<\/p>\n<p><strong>Prices<\/strong><\/p>\n<ul>\n<li>Motorcycles and mopeds <strong>35\u20ac\/month<\/strong><\/li>\n<li>Passenger cars <strong>90\u20ac\/month<\/strong><\/li>\n<li>Campervans, caravans and boats:\n<ul>\n<li>M-size Parking space 2,5m x 6m (15m2) <strong>110\u20ac\/month<\/strong><\/li>\n<li>L-size Parking space 3m x 7m (21m2) <strong>130\u20ac\/month<\/strong><strong><\/strong><\/li>\n<li>XL size Parking space 3m x 9m (27m2) <strong>165\u20ac\/month<\/strong><\/li>\n<li>Larger sizes, ask for a quote<strong><\/strong><\/li>\n<\/ul>\n<\/li>\n<\/ul>\n<p>[\/et_pb_text][et_pb_text _builder_version=&#8221;4.17.1&#8243; _module_preset=&#8221;default&#8221; global_colors_info=&#8221;{}&#8221;]<\/p>\n<p><strong>Book your spot! Call <a href=\"tel:0407079125\">0407079125<\/a> or contact us using the form below! In the Message field, you can enter the details and dimensions of your vehicle.<\/strong><\/p>\n<p>[\/et_pb_text][\/et_pb_column][et_pb_column type=&#8221;1_2&#8243; _builder_version=&#8221;4.16&#8243; _module_preset=&#8221;default&#8221; global_colors_info=&#8221;{}&#8221;][et_pb_image src=&#8221;https:\/\/faneerinkiinteistot.fi\/wp-content\/uploads\/2020\/08\/logo-vaaka.png&#8221; title_text=&#8221;logo scale&#8221; _builder_version=&#8221;4.16&#8243; _module_preset=&#8221;default&#8221; global_colors_info=&#8221;{}&#8221;][\/et_pb_image][\/et_pb_column][\/et_pb_row][et_pb_row _builder_version=&#8221;4.5.6&#8243; _module_preset=&#8221;default&#8221; width_tablet=&#8221;&#8221; width_phone=&#8221;90%&#8221; width_last_edited=&#8221;on|phone&#8221; global_module=&#8221;147&#8243; saved_tabs=&#8221;all&#8221; global_colors_info=&#8221;{}&#8221;][et_pb_column type=&#8221;4_4&#8243; _builder_version=&#8221;4.16&#8243; _module_preset=&#8221;default&#8221; global_colors_info=&#8221;{}&#8221;][et_pb_text _builder_version=&#8221;4.16&#8243; _module_preset=&#8221;default&#8221; custom_margin=&#8221;||0px||false|false&#8221; global_colors_info=&#8221;{}&#8221;]<\/p>\n<h3>Contact us<\/h3>\n<p>[\/et_pb_text][et_pb_code _builder_version=&#8221;4.16&#8243; _module_preset=&#8221;default&#8221; custom_padding=&#8221;10px||||false|false&#8221; global_colors_info=&#8221;{}&#8221;]<div class=\"wpforms-container wpforms-container-full dw-contact-form\" id=\"wpforms-140\"><form id=\"wpforms-form-140\" class=\"wpforms-validate wpforms-form wpforms-ajax-form\" data-formid=\"140\" method=\"post\" enctype=\"multipart\/form-data\" action=\"\/en\/wp-json\/wp\/v2\/pages\/241\" data-token=\"2b9bf9aed5a9a0a5280bbccef0c54cba\" data-token-time=\"1776568427\"><noscript class=\"wpforms-error-noscript\">Please enable JavaScript in your browser to complete this form.<\/noscript><div class=\"wpforms-field-container\"><div id=\"wpforms-140-field_1-container\" class=\"wpforms-field wpforms-field-text\" data-field-id=\"1\"><label class=\"wpforms-field-label\" for=\"wpforms-140-field_1\">Name\/Company <span class=\"wpforms-required-label\">*<\/span><\/label><input type=\"text\" id=\"wpforms-140-field_1\" class=\"wpforms-field-large wpforms-field-required\" name=\"wpforms[fields][1]\" required><\/div><div id=\"wpforms-140-field_4-container\" class=\"wpforms-field wpforms-field-email\" data-field-id=\"4\"><label class=\"wpforms-field-label\" for=\"wpforms-140-field_4\">Email address <span class=\"wpforms-required-label\">*<\/span><\/label><input type=\"email\" id=\"wpforms-140-field_4\" class=\"wpforms-field-large wpforms-field-required\" name=\"wpforms[fields][4]\" spellcheck=\"false\" required><\/div><div id=\"wpforms-140-field_5-container\" class=\"wpforms-field wpforms-field-number\" data-field-id=\"5\"><label class=\"wpforms-field-label\" for=\"wpforms-140-field_5\">Phone number <span class=\"wpforms-required-label\">*<\/span><\/label><input type=\"number\" id=\"wpforms-140-field_5\" class=\"wpforms-field-large wpforms-field-required\" name=\"wpforms[fields][5]\" step=\"any\" required><\/div><div id=\"wpforms-140-field_2-container\" class=\"wpforms-field wpforms-field-text\" data-field-id=\"2\"><label class=\"wpforms-field-label\" for=\"wpforms-140-field_2\">Subject<\/label><input type=\"text\" id=\"wpforms-140-field_2\" class=\"wpforms-field-large\" name=\"wpforms[fields][2]\" ><\/div><div id=\"wpforms-140-field_6-container\" class=\"wpforms-field wpforms-field-textarea\" data-field-id=\"6\"><label class=\"wpforms-field-label\" for=\"wpforms-140-field_6\">Message <span class=\"wpforms-required-label\">*<\/span><\/label><textarea id=\"wpforms-140-field_6\" class=\"wpforms-field-medium wpforms-field-required\" name=\"wpforms[fields][6]\" required><\/textarea><\/div><\/div><!-- .wpforms-field-container --><div class=\"wpforms-recaptcha-container wpforms-is-recaptcha wpforms-is-recaptcha-type-invisible\" ><div class=\"g-recaptcha\" data-sitekey=\"6LeJWM0jAAAAAFSvVEhKcpzQjv37LrYqOfuKyBsL\" data-size=\"invisible\"><\/div><\/div><div class=\"wpforms-submit-container\" ><input type=\"hidden\" name=\"wpforms[id]\" value=\"140\"><input type=\"hidden\" name=\"page_title\" value=\"\"><input type=\"hidden\" name=\"page_url\" value=\"https:\/\/www.faneerinkiinteistot.fi\/en\/wp-json\/wp\/v2\/pages\/241\"><input type=\"hidden\" name=\"url_referer\" value=\"\"><button type=\"submit\" name=\"wpforms[submit]\" id=\"wpforms-submit-140\" class=\"wpforms-submit dw-contact-btn\" data-alt-text=\"Sending...\" data-submit-text=\"Send\" aria-live=\"assertive\" value=\"wpforms-submit\">Send<\/button><img loading=\"lazy\" decoding=\"async\" src=\"https:\/\/www.faneerinkiinteistot.fi\/wp-content\/plugins\/wpforms-lite\/assets\/images\/submit-spin.svg\" class=\"wpforms-submit-spinner\" style=\"display: none;\" width=\"26\" height=\"26\" alt=\"Loading\"><\/div><\/form><\/div>  <!-- .wpforms-container -->[\/et_pb_code][\/et_pb_column][\/et_pb_row][\/et_pb_section]<\/p>\n","protected":false},"excerpt":{"rendered":"<p>Seasonal Storage in a Heated Hall \u2013 Safe and EffortlessSeasonal storage in a warm hall for caravans, bikers, boats and other vehicles! Places will be filled in order of arrival.We offer a heated hall for seasonal storage for caravanners, motorcyclists, boats, and other vehicles. Our hall is monitored, clean, and specifically designed for safe winter [&hellip;]<\/p>\n","protected":false},"author":1,"featured_media":0,"parent":0,"menu_order":0,"comment_status":"closed","ping_status":"closed","template":"","meta":{"_et_pb_use_builder":"on","_et_pb_old_content":"","_et_gb_content_width":"","footnotes":""},"class_list":["post-241","page","type-page","status-publish","hentry"],"yoast_head":"<!-- This site is optimized with the Yoast SEO plugin v26.4 - https:\/\/yoast.com\/wordpress\/plugins\/seo\/ -->\n<title>Seasonal storage Heinola - Faneerin kiinteist\u00f6t<\/title>\n<meta name=\"description\" content=\"Kausis\u00e4ilytyst\u00e4 Heinolassa l\u00e4mpim\u00e4ss\u00e4 hallissa karavaanareille, motoristeille, veneille ja muille ajoneuvoille!\" \/>\n<meta name=\"robots\" content=\"index, follow, max-snippet:-1, max-image-preview:large, max-video-preview:-1\" \/>\n<link rel=\"canonical\" href=\"https:\/\/www.faneerinkiinteistot.fi\/en\/seasonal-storage\/\" \/>\n<meta property=\"og:locale\" content=\"en_US\" \/>\n<meta property=\"og:type\" content=\"article\" \/>\n<meta property=\"og:title\" content=\"Seasonal storage Heinola - Faneerin kiinteist\u00f6t\" \/>\n<meta property=\"og:description\" content=\"Kausis\u00e4ilytyst\u00e4 Heinolassa l\u00e4mpim\u00e4ss\u00e4 hallissa karavaanareille, motoristeille, veneille ja muille ajoneuvoille!\" \/>\n<meta property=\"og:url\" content=\"https:\/\/www.faneerinkiinteistot.fi\/en\/seasonal-storage\/\" \/>\n<meta property=\"og:site_name\" content=\"Faneerin kiinteist\u00f6t\" \/>\n<meta property=\"article:modified_time\" content=\"2025-11-18T15:06:40+00:00\" \/>\n<meta name=\"twitter:card\" content=\"summary_large_image\" \/>\n<meta name=\"twitter:label1\" content=\"Est. reading time\" \/>\n\t<meta name=\"twitter:data1\" content=\"3 minutes\" \/>\n<script type=\"application\/ld+json\" class=\"yoast-schema-graph\">{\"@context\":\"https:\/\/schema.org\",\"@graph\":[{\"@type\":\"WebPage\",\"@id\":\"https:\/\/www.faneerinkiinteistot.fi\/en\/seasonal-storage\/\",\"url\":\"https:\/\/www.faneerinkiinteistot.fi\/en\/seasonal-storage\/\",\"name\":\"Seasonal storage Heinola - Faneerin kiinteist\u00f6t\",\"isPartOf\":{\"@id\":\"https:\/\/www.faneerinkiinteistot.fi\/#website\"},\"datePublished\":\"2020-10-11T15:45:30+00:00\",\"dateModified\":\"2025-11-18T15:06:40+00:00\",\"description\":\"Kausis\u00e4ilytyst\u00e4 Heinolassa l\u00e4mpim\u00e4ss\u00e4 hallissa karavaanareille, motoristeille, veneille ja muille ajoneuvoille!\",\"breadcrumb\":{\"@id\":\"https:\/\/www.faneerinkiinteistot.fi\/en\/seasonal-storage\/#breadcrumb\"},\"inLanguage\":\"en-US\",\"potentialAction\":[{\"@type\":\"ReadAction\",\"target\":[\"https:\/\/www.faneerinkiinteistot.fi\/en\/seasonal-storage\/\"]}]},{\"@type\":\"BreadcrumbList\",\"@id\":\"https:\/\/www.faneerinkiinteistot.fi\/en\/seasonal-storage\/#breadcrumb\",\"itemListElement\":[{\"@type\":\"ListItem\",\"position\":1,\"name\":\"Etusivu\",\"item\":\"https:\/\/www.faneerinkiinteistot.fi\/en\/\"},{\"@type\":\"ListItem\",\"position\":2,\"name\":\"Seasonal storage\"}]},{\"@type\":\"WebSite\",\"@id\":\"https:\/\/www.faneerinkiinteistot.fi\/#website\",\"url\":\"https:\/\/www.faneerinkiinteistot.fi\/\",\"name\":\"Faneerin kiinteist\u00f6t\",\"description\":\"Tilaa toiminnalle!\",\"potentialAction\":[{\"@type\":\"SearchAction\",\"target\":{\"@type\":\"EntryPoint\",\"urlTemplate\":\"https:\/\/www.faneerinkiinteistot.fi\/?s={search_term_string}\"},\"query-input\":{\"@type\":\"PropertyValueSpecification\",\"valueRequired\":true,\"valueName\":\"search_term_string\"}}],\"inLanguage\":\"en-US\"}]}<\/script>\n<!-- \/ Yoast SEO plugin. -->","yoast_head_json":{"title":"Seasonal storage Heinola - Faneerin kiinteist\u00f6t","description":"Kausis\u00e4ilytyst\u00e4 Heinolassa l\u00e4mpim\u00e4ss\u00e4 hallissa karavaanareille, motoristeille, veneille ja muille ajoneuvoille!","robots":{"index":"index","follow":"follow","max-snippet":"max-snippet:-1","max-image-preview":"max-image-preview:large","max-video-preview":"max-video-preview:-1"},"canonical":"https:\/\/www.faneerinkiinteistot.fi\/en\/seasonal-storage\/","og_locale":"en_US","og_type":"article","og_title":"Seasonal storage Heinola - Faneerin kiinteist\u00f6t","og_description":"Kausis\u00e4ilytyst\u00e4 Heinolassa l\u00e4mpim\u00e4ss\u00e4 hallissa karavaanareille, motoristeille, veneille ja muille ajoneuvoille!","og_url":"https:\/\/www.faneerinkiinteistot.fi\/en\/seasonal-storage\/","og_site_name":"Faneerin kiinteist\u00f6t","article_modified_time":"2025-11-18T15:06:40+00:00","twitter_card":"summary_large_image","twitter_misc":{"Est. reading time":"3 minutes"},"schema":{"@context":"https:\/\/schema.org","@graph":[{"@type":"WebPage","@id":"https:\/\/www.faneerinkiinteistot.fi\/en\/seasonal-storage\/","url":"https:\/\/www.faneerinkiinteistot.fi\/en\/seasonal-storage\/","name":"Seasonal storage Heinola - Faneerin kiinteist\u00f6t","isPartOf":{"@id":"https:\/\/www.faneerinkiinteistot.fi\/#website"},"datePublished":"2020-10-11T15:45:30+00:00","dateModified":"2025-11-18T15:06:40+00:00","description":"Kausis\u00e4ilytyst\u00e4 Heinolassa l\u00e4mpim\u00e4ss\u00e4 hallissa karavaanareille, motoristeille, veneille ja muille ajoneuvoille!","breadcrumb":{"@id":"https:\/\/www.faneerinkiinteistot.fi\/en\/seasonal-storage\/#breadcrumb"},"inLanguage":"en-US","potentialAction":[{"@type":"ReadAction","target":["https:\/\/www.faneerinkiinteistot.fi\/en\/seasonal-storage\/"]}]},{"@type":"BreadcrumbList","@id":"https:\/\/www.faneerinkiinteistot.fi\/en\/seasonal-storage\/#breadcrumb","itemListElement":[{"@type":"ListItem","position":1,"name":"Etusivu","item":"https:\/\/www.faneerinkiinteistot.fi\/en\/"},{"@type":"ListItem","position":2,"name":"Seasonal storage"}]},{"@type":"WebSite","@id":"https:\/\/www.faneerinkiinteistot.fi\/#website","url":"https:\/\/www.faneerinkiinteistot.fi\/","name":"Faneerin kiinteist\u00f6t","description":"Tilaa toiminnalle!","potentialAction":[{"@type":"SearchAction","target":{"@type":"EntryPoint","urlTemplate":"https:\/\/www.faneerinkiinteistot.fi\/?s={search_term_string}"},"query-input":{"@type":"PropertyValueSpecification","valueRequired":true,"valueName":"search_term_string"}}],"inLanguage":"en-US"}]}},"_links":{"self":[{"href":"https:\/\/www.faneerinkiinteistot.fi\/en\/wp-json\/wp\/v2\/pages\/241","targetHints":{"allow":["GET"]}}],"collection":[{"href":"https:\/\/www.faneerinkiinteistot.fi\/en\/wp-json\/wp\/v2\/pages"}],"about":[{"href":"https:\/\/www.faneerinkiinteistot.fi\/en\/wp-json\/wp\/v2\/types\/page"}],"author":[{"embeddable":true,"href":"https:\/\/www.faneerinkiinteistot.fi\/en\/wp-json\/wp\/v2\/users\/1"}],"replies":[{"embeddable":true,"href":"https:\/\/www.faneerinkiinteistot.fi\/en\/wp-json\/wp\/v2\/comments?post=241"}],"version-history":[{"count":16,"href":"https:\/\/www.faneerinkiinteistot.fi\/en\/wp-json\/wp\/v2\/pages\/241\/revisions"}],"predecessor-version":[{"id":1135,"href":"https:\/\/www.faneerinkiinteistot.fi\/en\/wp-json\/wp\/v2\/pages\/241\/revisions\/1135"}],"wp:attachment":[{"href":"https:\/\/www.faneerinkiinteistot.fi\/en\/wp-json\/wp\/v2\/media?parent=241"}],"curies":[{"name":"wp","href":"https:\/\/api.w.org\/{rel}","templated":true}]}}